{"id":4073,"date":"2024-01-25T04:09:26","date_gmt":"2024-01-25T03:09:26","guid":{"rendered":"https:\/\/nicoleimport.com\/?page_id=4073"},"modified":"2025-10-03T21:48:59","modified_gmt":"2025-10-03T19:48:59","slug":"gracias-por-tu-compra","status":"publish","type":"page","link":"https:\/\/nicoleimport.com\/index.php\/gracias-por-tu-compra\/","title":{"rendered":""},"content":{"rendered":"\t\t<div data-elementor-type=\"wp-page\" data-elementor-id=\"4073\" class=\"elementor elementor-4073\" data-elementor-post-type=\"page\">\n\t\t\t\t<div class=\"elementor-element elementor-element-0253911 e-flex e-con-boxed e-con e-parent\" data-id=\"0253911\" data-element_type=\"container\" data-e-type=\"container\">\n\t\t\t\t\t<div class=\"e-con-inner\">\n\t\t<div class=\"elementor-element elementor-element-4506398 e-con-full e-flex e-con e-child\" data-id=\"4506398\" data-element_type=\"container\" data-e-type=\"container\">\n\t\t\t\t<\/div>\n\t\t<div class=\"elementor-element elementor-element-3041e6e e-con-full e-flex e-con e-child\" data-id=\"3041e6e\" data-element_type=\"container\" data-e-type=\"container\">\n\t\t\t\t<div class=\"elementor-element elementor-element-95a342f elementor-widget elementor-widget-heading\" data-id=\"95a342f\" data-element_type=\"widget\" data-e-type=\"widget\" data-widget_type=\"heading.default\">\n\t\t\t\t<div class=\"elementor-widget-container\">\n\t\t\t\t\t<h2 class=\"elementor-heading-title elementor-size-default\">\u00a1Gracias por tu compra <span style=\"color: var(--theme-heading-color, var(--theme-heading-2-color, var(--theme-headings-color)));font-size: var(--theme-font-size);font-weight: var(--theme-font-weight)\"> <\/span>! \ud83d\ude0a<span style=\"color: var(--theme-heading-color, var(--theme-heading-2-color, var(--theme-headings-color)));font-family: var(--theme-font-family);font-size: var(--theme-font-size);font-style: var(--theme-font-style, inherit);font-weight: var(--theme-font-weight);letter-spacing: var(--theme-letter-spacing);text-align: inherit;text-transform: var(--theme-text-transform)\"><\/span><br><\/h2>\t\t\t\t<\/div>\n\t\t\t\t<\/div>\n\t\t\t\t<div class=\"elementor-element elementor-element-17f2cf2 elementor-widget elementor-widget-heading\" data-id=\"17f2cf2\" data-element_type=\"widget\" data-e-type=\"widget\" data-widget_type=\"heading.default\">\n\t\t\t\t<div class=\"elementor-widget-container\">\n\t\t\t\t\t<h5 class=\"elementor-heading-title elementor-size-default\">Tu n\u00famero de pedido es el:<br>\n<\/h5>\t\t\t\t<\/div>\n\t\t\t\t<\/div>\n\t\t\t\t<div class=\"elementor-element elementor-element-6bd33dc elementor-widget elementor-widget-heading\" data-id=\"6bd33dc\" data-element_type=\"widget\" data-e-type=\"widget\" data-widget_type=\"heading.default\">\n\t\t\t\t<div class=\"elementor-widget-container\">\n\t\t\t\t\t<h6 class=\"elementor-heading-title elementor-size-default\">\u00a1Caser@! para continuar de procesar tu pedido por favor realiza el pago a los siguientes n\u00fameros de cuenta autorizados.<\/h6>\t\t\t\t<\/div>\n\t\t\t\t<\/div>\n\t\t\t\t<\/div>\n\t\t<div class=\"elementor-element elementor-element-0c8e4cf e-con-full e-flex e-con e-child\" data-id=\"0c8e4cf\" data-element_type=\"container\" data-e-type=\"container\">\n\t\t\t\t<\/div>\n\t\t\t\t\t<\/div>\n\t\t\t\t<\/div>\n\t\t<div class=\"elementor-element elementor-element-b43cf9b e-flex e-con-boxed e-con e-parent\" data-id=\"b43cf9b\" data-element_type=\"container\" data-e-type=\"container\">\n\t\t\t\t\t<div class=\"e-con-inner\">\n\t\t<div class=\"elementor-element elementor-element-6532539 e-con-full e-flex e-con e-child\" data-id=\"6532539\" data-element_type=\"container\" data-e-type=\"container\">\n\t\t\t\t<\/div>\n\t\t<div class=\"elementor-element elementor-element-893ab6b e-con-full e-flex e-con e-child\" data-id=\"893ab6b\" data-element_type=\"container\" data-e-type=\"container\">\n\t\t\t\t<div class=\"elementor-element elementor-element-ab49649 elementor-widget elementor-widget-heading\" data-id=\"ab49649\" data-element_type=\"widget\" data-e-type=\"widget\" data-widget_type=\"heading.default\">\n\t\t\t\t<div class=\"elementor-widget-container\">\n\t\t\t\t\t<h6 class=\"elementor-heading-title elementor-size-default\">Detalle de tu pedido:<\/h6>\t\t\t\t<\/div>\n\t\t\t\t<\/div>\n\t\t\t\t<div class=\"elementor-element elementor-element-88d027c elementor-widget elementor-widget-heading\" data-id=\"88d027c\" data-element_type=\"widget\" data-e-type=\"widget\" data-widget_type=\"heading.default\">\n\t\t\t\t<div class=\"elementor-widget-container\">\n\t\t\t\t\t<h3 class=\"elementor-heading-title elementor-size-default\">\n<\/h3>\t\t\t\t<\/div>\n\t\t\t\t<\/div>\n\t\t\t\t<\/div>\n\t\t<div class=\"elementor-element elementor-element-80299ed e-con-full e-flex e-con e-child\" data-id=\"80299ed\" data-element_type=\"container\" data-e-type=\"container\">\n\t\t\t\t<\/div>\n\t\t\t\t\t<\/div>\n\t\t\t\t<\/div>\n\t\t<div class=\"elementor-element elementor-element-03fd66f e-con-full e-flex e-con e-parent\" data-id=\"03fd66f\" data-element_type=\"container\" data-e-type=\"container\">\n\t\t<div class=\"elementor-element elementor-element-f71eec4 e-con-full e-flex e-con e-child\" data-id=\"f71eec4\" data-element_type=\"container\" data-e-type=\"container\">\n\t\t\t\t<\/div>\n\t\t<div class=\"elementor-element elementor-element-f69d220 e-con-full e-flex e-con e-child\" data-id=\"f69d220\" data-element_type=\"container\" data-e-type=\"container\">\n\t\t\t\t<div class=\"elementor-element elementor-element-67b8c07 elementor-widget elementor-widget-heading\" data-id=\"67b8c07\" data-element_type=\"widget\" data-e-type=\"widget\" data-widget_type=\"heading.default\">\n\t\t\t\t<div class=\"elementor-widget-container\">\n\t\t\t\t\t<h4 class=\"elementor-heading-title elementor-size-default\">N\u00famero de cuenta para dep\u00f3sitos o transferencias<\/h4>\t\t\t\t<\/div>\n\t\t\t\t<\/div>\n\t\t\t\t<div class=\"elementor-element elementor-element-e97b927 elementor-widget elementor-widget-heading\" data-id=\"e97b927\" data-element_type=\"widget\" data-e-type=\"widget\" data-widget_type=\"heading.default\">\n\t\t\t\t<div class=\"elementor-widget-container\">\n\t\t\t\t\t<h4 class=\"elementor-heading-title elementor-size-default\">GRUPO IMPORTACIONES SEVENTEEN PERU SAC<\/h4>\t\t\t\t<\/div>\n\t\t\t\t<\/div>\n\t\t\t\t<\/div>\n\t\t<div class=\"elementor-element elementor-element-64194cc e-con-full elementor-hidden-tablet elementor-hidden-mobile e-flex e-con e-child\" data-id=\"64194cc\" data-element_type=\"container\" data-e-type=\"container\">\n\t\t\t\t<\/div>\n\t\t<div class=\"elementor-element elementor-element-4a853bb e-con-full elementor-hidden-tablet elementor-hidden-mobile e-flex e-con e-child\" data-id=\"4a853bb\" data-element_type=\"container\" data-e-type=\"container\">\n\t\t\t\t<\/div>\n\t\t<div class=\"elementor-element elementor-element-31f7bb0 e-con-full e-flex e-con e-child\" data-id=\"31f7bb0\" data-element_type=\"container\" data-e-type=\"container\">\n\t\t\t\t<div class=\"elementor-element elementor-element-df83ece elementor-hidden-tablet elementor-hidden-mobile elementor-widget elementor-widget-spacer\" data-id=\"df83ece\" data-element_type=\"widget\" data-e-type=\"widget\" data-widget_type=\"spacer.default\">\n\t\t\t\t<div class=\"elementor-widget-container\">\n\t\t\t\t\t\t\t<div class=\"elementor-spacer\">\n\t\t\t<div class=\"elementor-spacer-inner\"><\/div>\n\t\t<\/div>\n\t\t\t\t\t\t<\/div>\n\t\t\t\t<\/div>\n\t\t\t\t<div class=\"elementor-element elementor-element-8e40e6c elementor-position-left elementor-vertical-align-middle elementor-position-left elementor-vertical-align-middle elementor-widget-mobile__width-initial elementor-widget elementor-widget-image-box\" data-id=\"8e40e6c\" data-element_type=\"widget\" data-e-type=\"widget\" data-widget_type=\"image-box.default\">\n\t\t\t\t<div class=\"elementor-widget-container\">\n\t\t\t\t\t<div class=\"elementor-image-box-wrapper\"><figure class=\"elementor-image-box-img\"><img fetchpriority=\"high\" decoding=\"async\" width=\"540\" height=\"540\" src=\"https:\/\/nicoleimport.com\/wp-content\/uploads\/2024\/01\/Diseno-sin-titulo-69.png\" class=\"attachment-full size-full wp-image-4092\" alt=\"\" srcset=\"https:\/\/nicoleimport.com\/wp-content\/uploads\/2024\/01\/Diseno-sin-titulo-69.png 540w, https:\/\/nicoleimport.com\/wp-content\/uploads\/2024\/01\/Diseno-sin-titulo-69-500x500.png 500w, https:\/\/nicoleimport.com\/wp-content\/uploads\/2024\/01\/Diseno-sin-titulo-69-100x100.png 100w, https:\/\/nicoleimport.com\/wp-content\/uploads\/2024\/01\/Diseno-sin-titulo-69-64x64.png 64w, https:\/\/nicoleimport.com\/wp-content\/uploads\/2024\/01\/Diseno-sin-titulo-69-300x300.png 300w, https:\/\/nicoleimport.com\/wp-content\/uploads\/2024\/01\/Diseno-sin-titulo-69-150x150.png 150w\" sizes=\"(max-width: 540px) 100vw, 540px\" \/><\/figure><div class=\"elementor-image-box-content\"><h5 class=\"elementor-image-box-title\">191 1010955 065<\/h5><\/div><\/div>\t\t\t\t<\/div>\n\t\t\t\t<\/div>\n\t\t\t\t<div class=\"elementor-element elementor-element-0990f0a elementor-position-left elementor-vertical-align-middle elementor-widget elementor-widget-image-box\" data-id=\"0990f0a\" data-element_type=\"widget\" data-e-type=\"widget\" data-widget_type=\"image-box.default\">\n\t\t\t\t<div class=\"elementor-widget-container\">\n\t\t\t\t\t<div class=\"elementor-image-box-wrapper\"><figure class=\"elementor-image-box-img\"><img decoding=\"async\" width=\"540\" height=\"540\" src=\"https:\/\/nicoleimport.com\/wp-content\/uploads\/2024\/01\/Diseno-sin-titulo-67.png\" class=\"attachment-full size-full wp-image-4091\" alt=\"\" srcset=\"https:\/\/nicoleimport.com\/wp-content\/uploads\/2024\/01\/Diseno-sin-titulo-67.png 540w, https:\/\/nicoleimport.com\/wp-content\/uploads\/2024\/01\/Diseno-sin-titulo-67-500x500.png 500w, https:\/\/nicoleimport.com\/wp-content\/uploads\/2024\/01\/Diseno-sin-titulo-67-100x100.png 100w, https:\/\/nicoleimport.com\/wp-content\/uploads\/2024\/01\/Diseno-sin-titulo-67-64x64.png 64w, https:\/\/nicoleimport.com\/wp-content\/uploads\/2024\/01\/Diseno-sin-titulo-67-300x300.png 300w, https:\/\/nicoleimport.com\/wp-content\/uploads\/2024\/01\/Diseno-sin-titulo-67-150x150.png 150w\" sizes=\"(max-width: 540px) 100vw, 540px\" \/><\/figure><div class=\"elementor-image-box-content\"><h5 class=\"elementor-image-box-title\">967 696 752<\/h5><\/div><\/div>\t\t\t\t<\/div>\n\t\t\t\t<\/div>\n\t\t\t\t<\/div>\n\t\t<div class=\"elementor-element elementor-element-0fb13e6 e-con-full e-flex e-con e-child\" data-id=\"0fb13e6\" data-element_type=\"container\" data-e-type=\"container\">\n\t\t\t\t<div class=\"elementor-element elementor-element-7ce44ed elementor-widget elementor-widget-image\" data-id=\"7ce44ed\" data-element_type=\"widget\" data-e-type=\"widget\" data-widget_type=\"image.default\">\n\t\t\t\t<div class=\"elementor-widget-container\">\n\t\t\t\t\t\t\t\t\t\t\t\t\t\t\t<img decoding=\"async\" width=\"864\" height=\"991\" src=\"https:\/\/nicoleimport.com\/wp-content\/uploads\/2025\/10\/WhatsApp-Image-2025-10-03-at-2.37.10-PM-1.jpeg\" class=\"attachment-full size-full wp-image-19576\" alt=\"\" srcset=\"https:\/\/nicoleimport.com\/wp-content\/uploads\/2025\/10\/WhatsApp-Image-2025-10-03-at-2.37.10-PM-1.jpeg 864w, https:\/\/nicoleimport.com\/wp-content\/uploads\/2025\/10\/WhatsApp-Image-2025-10-03-at-2.37.10-PM-1-262x300.jpeg 262w, https:\/\/nicoleimport.com\/wp-content\/uploads\/2025\/10\/WhatsApp-Image-2025-10-03-at-2.37.10-PM-1-768x881.jpeg 768w, https:\/\/nicoleimport.com\/wp-content\/uploads\/2025\/10\/WhatsApp-Image-2025-10-03-at-2.37.10-PM-1-64x73.jpeg 64w\" sizes=\"(max-width: 864px) 100vw, 864px\" \/>\t\t\t\t\t\t\t\t\t\t\t\t\t\t\t<\/div>\n\t\t\t\t<\/div>\n\t\t\t\t<\/div>\n\t\t<div class=\"elementor-element elementor-element-d0abed8 e-con-full elementor-hidden-tablet elementor-hidden-mobile e-flex e-con e-child\" data-id=\"d0abed8\" data-element_type=\"container\" data-e-type=\"container\">\n\t\t\t\t<\/div>\n\t\t\t\t<\/div>\n\t\t<div class=\"elementor-element elementor-element-abedaad e-flex e-con-boxed e-con e-parent\" data-id=\"abedaad\" data-element_type=\"container\" data-e-type=\"container\">\n\t\t\t\t\t<div class=\"e-con-inner\">\n\t\t<div class=\"elementor-element elementor-element-b99cecf e-con-full e-flex e-con e-child\" data-id=\"b99cecf\" data-element_type=\"container\" data-e-type=\"container\">\n\t\t\t\t<\/div>\n\t\t<div class=\"elementor-element elementor-element-ea7beff e-con-full e-flex e-con e-child\" data-id=\"ea7beff\" data-element_type=\"container\" data-e-type=\"container\">\n\t\t\t\t<div class=\"elementor-element elementor-element-6fd17b4 elementor-widget elementor-widget-heading\" data-id=\"6fd17b4\" data-element_type=\"widget\" data-e-type=\"widget\" data-widget_type=\"heading.default\">\n\t\t\t\t<div class=\"elementor-widget-container\">\n\t\t\t\t\t<h6 class=\"elementor-heading-title elementor-size-default\">Para agilizar el proceso de tu pedido registra el comprobante de pago a nuestro n\u00famero de WhatsApp.\n<\/h6>\t\t\t\t<\/div>\n\t\t\t\t<\/div>\n\t\t\t\t<div class=\"elementor-element elementor-element-057082a elementor-widget elementor-widget-spacer\" data-id=\"057082a\" data-element_type=\"widget\" data-e-type=\"widget\" data-widget_type=\"spacer.default\">\n\t\t\t\t<div class=\"elementor-widget-container\">\n\t\t\t\t\t\t\t<div class=\"elementor-spacer\">\n\t\t\t<div class=\"elementor-spacer-inner\"><\/div>\n\t\t<\/div>\n\t\t\t\t\t\t<\/div>\n\t\t\t\t<\/div>\n\t\t\t\t<div class=\"elementor-element elementor-element-dc667a8 elementor-align-justify elementor-widget elementor-widget-button\" data-id=\"dc667a8\" data-element_type=\"widget\" data-e-type=\"widget\" data-widget_type=\"button.default\">\n\t\t\t\t<div class=\"elementor-widget-container\">\n\t\t\t\t\t\t\t\t\t<div class=\"elementor-button-wrapper\">\n\t\t\t\t\t<a class=\"elementor-button elementor-button-link elementor-size-md\" href=\"https:\/\/wa.link\/o4hx6g\">\n\t\t\t\t\t\t<span class=\"elementor-button-content-wrapper\">\n\t\t\t\t\t\t<span class=\"elementor-button-icon\">\n\t\t\t\t<svg xmlns=\"http:\/\/www.w3.org\/2000\/svg\" id=\"Capa_1\" data-name=\"Capa 1\" viewBox=\"0 0 1054.32 1062.67\"><defs><style>.cls-1{fill:#fff;}<\/style><\/defs><path class=\"cls-1\" d=\"M12.84,1076.45c4.88-19,8.92-35.67,13.48-52.22C45.73,953.84,65.45,883.53,84.49,813c1.31-4.86-.85-11.6-3.39-16.4-35.64-67.1-57.86-137.8-63.66-214.08C8.72,468,34.42,362,93.6,264.43c42.41-69.92,99.31-126.35,168.81-170,45.46-28.55,94-50.11,145.78-63.4C475.31,13.81,543.4,9.17,612.51,18.54,677.85,27.39,739.38,47,796.88,79c46.74,26,89.1,57.38,125.21,97.64,37.49,41.81,70.18,86.4,94.15,137.21,25.2,53.44,42,109.2,47.83,168.29,7.39,74.22,1.93,146.88-20.77,218.25q-36.36,114.29-117.79,201.86a517.7,517.7,0,0,1-174.25,123.37,524.27,524.27,0,0,1-156.48,41c-68.82,7-136.31,1.13-202.08-19.11-31.66-9.75-61.61-25-92.63-37-6.36-2.45-14.54-3.4-21-1.74-85.15,21.67-170.14,43.94-255.19,66C21.48,1075.42,19,1075.55,12.84,1076.45ZM133.23,954.74c7.26-1.07,12.06-1.33,16.62-2.52,47.06-12.27,94-24.92,141.19-36.76,5.46-1.37,12.61.12,17.89,2.59,26.06,12.18,50.81,27.75,77.73,37.33,94,33.47,189.89,37.62,285.45,7.41,148.81-47,246.88-146.8,293.68-295,30-95,25.06-190.26-10.6-283.8-33.74-88.52-90.14-159.29-168.94-210.75-87.26-57-183.47-82-288.14-70.62C415,111.66,339.83,141,274,192.28c-71.67,55.83-122.12,127-150.18,214.11-23.44,72.72-27.25,146.41-13.11,221,10.76,56.73,32.85,109.23,64.75,157.56,2.57,3.89,3.87,10.28,2.7,14.7-6.36,24-13.71,47.7-20.66,71.53C149.65,898.12,141.83,925.12,133.23,954.74Z\" transform=\"translate(-12.84 -13.79)\"><\/path><path class=\"cls-1\" d=\"M372.62,298.72c31.17,0,32.35,1.17,44.05,30.83,11.11,28.18,22.46,56.28,34.73,84,7,15.82,2.93,29.26-6.14,41.79-7.55,10.44-15.74,20.75-25.22,29.39-12.5,11.4-12.05,22.89-4,35.82,27.08,43.47,59.34,82.58,102,111.38,22.91,15.47,48.18,27.5,72.64,40.63,13,7,23.75,2.79,32.59-8.48,12.28-15.67,25.11-30.93,37.27-46.69,7.51-9.73,16.09-12.46,27.37-7.15,22.9,10.79,45.82,21.55,68.93,31.88a218.16,218.16,0,0,0,28.93,10.68C803.9,657.93,808.07,664,810,682.83c6.52,62.78-47.48,100-92.89,110.65-29.51,6.92-58.83,3.76-88.27-4.61C532.18,761.38,453,706.58,385.72,633.74c-34.76-37.63-66.87-78-88.16-125.12-21.87-48.37-34-98.79-7.1-149.28,9.82-18.47,23.17-36.37,38.87-49.94,10.4-9,27.83-9.84,42.12-14.34Z\" transform=\"translate(-12.84 -13.79)\"><\/path><\/svg>\t\t\t<\/span>\n\t\t\t\t\t\t\t\t\t<span class=\"elementor-button-text\">Enviar comprobante de pago por WhatsApp<\/span>\n\t\t\t\t\t<\/span>\n\t\t\t\t\t<\/a>\n\t\t\t\t<\/div>\n\t\t\t\t\t\t\t\t<\/div>\n\t\t\t\t<\/div>\n\t\t\t\t<div class=\"elementor-element elementor-element-7b0a68b elementor-widget elementor-widget-heading\" data-id=\"7b0a68b\" data-element_type=\"widget\" data-e-type=\"widget\" data-widget_type=\"heading.default\">\n\t\t\t\t<div class=\"elementor-widget-container\">\n\t\t\t\t\t<h6 class=\"elementor-heading-title elementor-size-default\">\u00a1Te esperamos en WhatsApp! \ud83d\ude09\n<\/h6>\t\t\t\t<\/div>\n\t\t\t\t<\/div>\n\t\t\t\t<div class=\"elementor-element elementor-element-c56ec78 elementor-widget elementor-widget-spacer\" data-id=\"c56ec78\" data-element_type=\"widget\" data-e-type=\"widget\" data-widget_type=\"spacer.default\">\n\t\t\t\t<div class=\"elementor-widget-container\">\n\t\t\t\t\t\t\t<div class=\"elementor-spacer\">\n\t\t\t<div class=\"elementor-spacer-inner\"><\/div>\n\t\t<\/div>\n\t\t\t\t\t\t<\/div>\n\t\t\t\t<\/div>\n\t\t\t\t<\/div>\n\t\t<div class=\"elementor-element elementor-element-4d34183 e-con-full e-flex e-con e-child\" data-id=\"4d34183\" data-element_type=\"container\" data-e-type=\"container\">\n\t\t\t\t<\/div>\n\t\t\t\t\t<\/div>\n\t\t\t\t<\/div>\n\t\t\t\t<\/div>\n\t\t","protected":false},"excerpt":{"rendered":"<p>\u00a1Gracias por tu compra ! \ud83d\ude0a Tu n\u00famero de pedido es el: \u00a1Caser@! para continuar de procesar tu pedido por favor realiza el pago a los siguientes n\u00fameros de cuenta autorizados. Detalle de tu pedido: N\u00famero de cuenta para dep\u00f3sitos o transferencias GRUPO IMPORTACIONES SEVENTEEN PERU SAC 191 1010955 065 967 696 752 Para agilizar [&hellip;]<\/p>\n","protected":false},"author":6,"featured_media":0,"parent":0,"menu_order":0,"comment_status":"closed","ping_status":"closed","template":"","meta":{"om_disable_all_campaigns":false,"_monsterinsights_skip_tracking":false,"_monsterinsights_sitenote_active":false,"_monsterinsights_sitenote_note":"","_monsterinsights_sitenote_category":0,"footnotes":""},"class_list":["post-4073","page","type-page","status-publish","hentry"],"blocksy_meta":[],"aioseo_notices":[],"_links":{"self":[{"href":"https:\/\/nicoleimport.com\/index.php\/wp-json\/wp\/v2\/pages\/4073","targetHints":{"allow":["GET"]}}],"collection":[{"href":"https:\/\/nicoleimport.com\/index.php\/wp-json\/wp\/v2\/pages"}],"about":[{"href":"https:\/\/nicoleimport.com\/index.php\/wp-json\/wp\/v2\/types\/page"}],"author":[{"embeddable":true,"href":"https:\/\/nicoleimport.com\/index.php\/wp-json\/wp\/v2\/users\/6"}],"replies":[{"embeddable":true,"href":"https:\/\/nicoleimport.com\/index.php\/wp-json\/wp\/v2\/comments?post=4073"}],"version-history":[{"count":252,"href":"https:\/\/nicoleimport.com\/index.php\/wp-json\/wp\/v2\/pages\/4073\/revisions"}],"predecessor-version":[{"id":20216,"href":"https:\/\/nicoleimport.com\/index.php\/wp-json\/wp\/v2\/pages\/4073\/revisions\/20216"}],"wp:attachment":[{"href":"https:\/\/nicoleimport.com\/index.php\/wp-json\/wp\/v2\/media?parent=4073"}],"curies":[{"name":"wp","href":"https:\/\/api.w.org\/{rel}","templated":true}]}}