{"id":19805,"date":"2025-10-16T18:22:15","date_gmt":"2025-10-16T16:22:15","guid":{"rendered":"https:\/\/nicoleimport.com\/?post_type=product&#038;p=19805"},"modified":"2026-02-06T22:00:04","modified_gmt":"2026-02-06T21:00:04","slug":"labial-gloss-tiffany","status":"publish","type":"product","link":"https:\/\/nicoleimport.com\/index.php\/product\/labial-gloss-tiffany\/","title":{"rendered":"LABIAL GLOSS TIFFANY JARUSA"},"content":{"rendered":"","protected":false},"excerpt":{"rendered":"<p>Tienen una f\u00f3rmula tipo lip oil s\u00faper ligera. .Cuenta con 6 tonos divinos rositas, marroncitos y corales. .Son s\u00faper hidratantes, ideales para usar solitos y sobre otro labial<\/p>\n","protected":false},"featured_media":20388,"comment_status":"open","ping_status":"closed","template":"","meta":{"om_disable_all_campaigns":false,"_monsterinsights_skip_tracking":false,"_monsterinsights_sitenote_active":false,"_monsterinsights_sitenote_note":"","_monsterinsights_sitenote_category":0},"product_brand":[],"product_cat":[241],"product_tag":[],"class_list":{"0":"post-19805","1":"product","2":"type-product","3":"status-publish","4":"has-post-thumbnail","6":"product_cat-maquillaje","8":"first","9":"instock","10":"shipping-taxable","11":"purchasable","12":"product-type-simple"},"aioseo_notices":[],"tiered_pricing_type":"fixed","tiered_pricing_fixed_rules":{"24":"4.80"},"tiered_pricing_product_settings":{"layout":"default","base_unit_name":{"singular":null,"plural":null},"default_variation":null},"tiered_pricing_minimum_quantity":null,"tiered_pricing_roles_data":[],"tiered_pricing_percentage_rules":[],"_links":{"self":[{"href":"https:\/\/nicoleimport.com\/index.php\/wp-json\/wp\/v2\/product\/19805","targetHints":{"allow":["GET"]}}],"collection":[{"href":"https:\/\/nicoleimport.com\/index.php\/wp-json\/wp\/v2\/product"}],"about":[{"href":"https:\/\/nicoleimport.com\/index.php\/wp-json\/wp\/v2\/types\/product"}],"replies":[{"embeddable":true,"href":"https:\/\/nicoleimport.com\/index.php\/wp-json\/wp\/v2\/comments?post=19805"}],"wp:featuredmedia":[{"embeddable":true,"href":"https:\/\/nicoleimport.com\/index.php\/wp-json\/wp\/v2\/media\/20388"}],"wp:attachment":[{"href":"https:\/\/nicoleimport.com\/index.php\/wp-json\/wp\/v2\/media?parent=19805"}],"wp:term":[{"taxonomy":"product_brand","embeddable":true,"href":"https:\/\/nicoleimport.com\/index.php\/wp-json\/wp\/v2\/product_brand?post=19805"},{"taxonomy":"product_cat","embeddable":true,"href":"https:\/\/nicoleimport.com\/index.php\/wp-json\/wp\/v2\/product_cat?post=19805"},{"taxonomy":"product_tag","embeddable":true,"href":"https:\/\/nicoleimport.com\/index.php\/wp-json\/wp\/v2\/product_tag?post=19805"}],"curies":[{"name":"wp","href":"https:\/\/api.w.org\/{rel}","templated":true}]}}